{"id":13032,"date":"2024-04-19T12:42:49","date_gmt":"2024-04-19T09:42:49","guid":{"rendered":"https:\/\/www.iitti.fi\/ihastu\/?page_id=13032"},"modified":"2024-06-27T11:25:10","modified_gmt":"2024-06-27T08:25:10","slug":"kaisa-perheineen-viihtyy-iitissa-hyvin-kun-tyon-ja-arkisen-elaman-yhdistaminen-sujuu-helposti","status":"publish","type":"page","link":"https:\/\/www.iitti.fi\/ihastu\/elama\/asukastarinat\/kaisa-perheineen-viihtyy-iitissa-hyvin-kun-tyon-ja-arkisen-elaman-yhdistaminen-sujuu-helposti\/","title":{"rendered":"Kaisa perheineen viihtyy Iitiss\u00e4 hyvin, kun ty\u00f6n ja arkisen el\u00e4m\u00e4n yhdist\u00e4minen sujuu helposti"},"content":{"rendered":"","protected":false},"excerpt":{"rendered":"","protected":false},"author":10,"featured_media":13035,"parent":13066,"menu_order":4,"comment_status":"closed","ping_status":"closed","template":"page-2-columns.php","meta":{"inline_featured_image":false,"footnotes":""},"acf":[],"_links":{"self":[{"href":"https:\/\/www.iitti.fi\/ihastu\/wp-json\/wp\/v2\/pages\/13032"}],"collection":[{"href":"https:\/\/www.iitti.fi\/ihastu\/wp-json\/wp\/v2\/pages"}],"about":[{"href":"https:\/\/www.iitti.fi\/ihastu\/wp-json\/wp\/v2\/types\/page"}],"author":[{"embeddable":true,"href":"https:\/\/www.iitti.fi\/ihastu\/wp-json\/wp\/v2\/users\/10"}],"replies":[{"embeddable":true,"href":"https:\/\/www.iitti.fi\/ihastu\/wp-json\/wp\/v2\/comments?post=13032"}],"version-history":[{"count":5,"href":"https:\/\/www.iitti.fi\/ihastu\/wp-json\/wp\/v2\/pages\/13032\/revisions"}],"predecessor-version":[{"id":13057,"href":"https:\/\/www.iitti.fi\/ihastu\/wp-json\/wp\/v2\/pages\/13032\/revisions\/13057"}],"up":[{"embeddable":true,"href":"https:\/\/www.iitti.fi\/ihastu\/wp-json\/wp\/v2\/pages\/13066"}],"wp:featuredmedia":[{"embeddable":true,"href":"https:\/\/www.iitti.fi\/ihastu\/wp-json\/wp\/v2\/media\/13035"}],"wp:attachment":[{"href":"https:\/\/www.iitti.fi\/ihastu\/wp-json\/wp\/v2\/media?parent=13032"}],"curies":[{"name":"wp","href":"https:\/\/api.w.org\/{rel}","templated":true}]}}